{"id":10,"date":"2015-02-20T20:12:13","date_gmt":"2015-02-20T20:12:13","guid":{"rendered":"https:\/\/avada.theme-fusion.com_demos\/law\/?page_id=10"},"modified":"2019-12-18T11:19:13","modified_gmt":"2019-12-18T10:19:13","slug":"who-we-are","status":"publish","type":"page","link":"https:\/\/accessmedic.rs\/?page_id=10","title":{"rendered":"O NAMA"},"content":{"rendered":"<p><div class=\"fusion-fullwidth fullwidth-box fusion-builder-row-1 nonhundred-percent-fullwidth non-hundred-percent-height-scrolling\" style=\"background-color: rgba(255,255,255,0);background-position: left top;background-repeat: no-repeat;padding-top:110px;padding-right:0px;padding-bottom:0px;padding-left:0px;margin-bottom: 0px;margin-top: 0px;border-width: 0px 0px 0px 0px;border-color:#eae9e9;border-style:solid;\" ><div class=\"fusion-builder-row fusion-row\"><div class=\"fusion-layout-column fusion_builder_column fusion-builder-column-0 fusion_builder_column_1_1 1_1 fusion-one-full fusion-column-first fusion-column-last fusion-column-no-min-height\" style=\"margin-top:0px;margin-bottom:0px;\"><div class=\"fusion-column-wrapper fusion-flex-column-wrapper-legacy\" style=\"background-position:left top;background-repeat:no-repeat;-webkit-background-size:cover;-moz-background-size:cover;-o-background-size:cover;background-size:cover;padding: 0px 0px 0px 0px;\"><div class=\"fusion-sep-clear\"><\/div><div class=\"fusion-separator fusion-full-width-sep\" style=\"margin-left: auto;margin-right: auto;margin-top:0px;margin-bottom:0px;width:100%;\"><div class=\"fusion-separator-border sep-single sep-solid\" style=\"border-color:#55a098;border-top-width:5px;\"><\/div><\/div><div class=\"fusion-sep-clear\"><\/div><div class=\"fusion-clearfix\"><\/div><\/div><\/div><div class=\"fusion-layout-column fusion_builder_column fusion-builder-column-1 fusion_builder_column_1_1 1_1 fusion-one-full fusion-column-first fusion-column-last green-border rounded-border\" style=\"margin-top:0px;margin-bottom:20px;\"><div class=\"fusion-column-wrapper fusion-flex-column-wrapper-legacy\" style=\"background-position:left top;background-repeat:no-repeat;-webkit-background-size:cover;-moz-background-size:cover;-o-background-size:cover;background-size:cover;background-color:#ffffff;border:1px solid #e2e2e2;padding: 60px 60px 50px 54px;\"><div class=\"fusion-text fusion-text-1\"><div id=\"attachment_865\" style=\"width: 160px\" class=\"wp-caption alignleft\"><img aria-describedby=\"caption-attachment-865\" class=\"wp-image-865 size-thumbnail\" src=\"https:\/\/accessmedic.rs\/wp-content\/uploads\/2019\/09\/velja-milacic-150x150.jpg\" alt=\"Dr. Velja Milacic\" width=\"150\" height=\"150\" srcset=\"https:\/\/accessmedic.rs\/wp-content\/uploads\/2019\/09\/velja-milacic-66x66.jpg 66w, https:\/\/accessmedic.rs\/wp-content\/uploads\/2019\/09\/velja-milacic-150x150.jpg 150w\" sizes=\"(max-width: 150px) 100vw, 150px\" \/><p id=\"caption-attachment-865\" class=\"wp-caption-text\">Dr Velja Mila\u010di\u0107<\/p><\/div>\n<h3 style=\"text-align: left; margin-top: -20px;\" data-fontsize=\"18\" data-lineheight=\"30\">Dr Velja Mila\u010di\u0107<\/h3>\n<p>Dr Velja Mila\u010di\u0107 je hirurg sa 20-o godi\u0161njim iskustvom u polju op\u0161te abdominalne i vaskularne hirurgije.<\/p>\n<p>Tokom poslednjih deset godina usko se specijalizovao u kreiranju trajnih vaskularnih pristupa za hemodijalizu (AV fistula).<\/p>\n<p>U proteklih pet godina je izveo oko hiljadu intervencija na vaskularnim pristupima, ukljucujuci primarne arteriovenske fistule I veliki broj reintervencija na tromboziranim I komplikovanim vaskularnim pristupima.<\/p>\n<p>U protekle 2 godine radni opus je dopunjen I kreiranjem AV fistula kod dece mladje od 14 godina.<\/p>\n<p>Svojim dugim i predanim radom u domenu vaskularnih pristupa za dijalizu usavr\u0161io je postoje\u0107u hirur\u0161ku tehniku, te unapredio maturaciju fistula I omogu\u0107io ranu prvu kanulaciju.<\/p>\n<p>Iskazao se u\u010de\u0161\u0107em na internacionalnim kongresima vaskularnih hirurga i nefrologa, sa nau\u010dnim radovima iz vaskularnih pristupa za hemodijalizu.<\/p>\n<p><span style=\"color: var(--body_typography-color); font-family: var(--body_typography-font-family); font-size: var(--body_typography-font-size); font-style: var(--body_typography-font-style,normal); font-weight: var(--body_typography-font-weight); letter-spacing: var(--body_typography-letter-spacing);\">Dr Velja Mila\u010di\u0107<\/span> se bavi pra\u0107enjem AV fistula tokom njihove upotrebe korekcijom na\u010dina punktiranja i procenom pravovremene reintervencije u slu\u010daju postojanja aneurizme , stenoza i rizika od tromboze.<\/p>\n<\/div><div class=\"fusion-sep-clear\"><\/div><div class=\"fusion-separator fusion-full-width-sep\" style=\"margin-left: auto;margin-right: auto;margin-top:15px;margin-bottom:0px;width:100%;\"><\/div><div class=\"fusion-sep-clear\"><\/div><div class=\"fusion-clearfix\"><\/div><\/div><\/div><\/div><\/div><div class=\"fusion-fullwidth fullwidth-box fusion-builder-row-2 nonhundred-percent-fullwidth non-hundred-percent-height-scrolling fusion-equal-height-columns\" style=\"background-color: rgba(255,255,255,0);background-position: left top;background-repeat: no-repeat;padding-top:20px;padding-right:0px;padding-bottom:90px;padding-left:0px;margin-bottom: 0px;margin-top: 0px;border-width: 0px 0px 0px 0px;border-color:#eae9e9;border-style:solid;\" ><div class=\"fusion-builder-row fusion-row\"><div class=\"fusion-layout-column fusion_builder_column fusion-builder-column-2 fusion_builder_column_1_2 1_2 fusion-one-half fusion-column-first rounded-border\" style=\"width:48%; margin-right: 4%;margin-top:0px;margin-bottom:20px;\"><div class=\"fusion-column-wrapper fusion-flex-column-wrapper-legacy\" style=\"background-position:left top;background-repeat:no-repeat;-webkit-background-size:cover;-moz-background-size:cover;-o-background-size:cover;background-size:cover;background-color:#ffffff;border:1px solid #e2e2e2;padding: 40px 60px 40px 60px;\"><div class=\"fusion-text fusion-text-2\"><h3 style=\"text-align: left;\" data-fontsize=\"18\" data-lineheight=\"30\">Prednosti AV fistule kao pristupa za hemodijalizu<\/h3>\n<p style=\"line-height: 9px;\" data-fusion-font=\"true\">Trajni pristup za hemodijalizu<\/p>\n<p style=\"line-height: 9px;\" data-fusion-font=\"true\">Omogucava dobar protok na dijalizi, time kvalitetnu dijalizu I \u017eivot<\/p>\n<p style=\"line-height: 9px;\" data-fusion-font=\"true\">Izbegavanje centralnog venskog katetera<\/p>\n<p style=\"line-height: 9px;\" data-fusion-font=\"true\">Mali rizik od infekcije<\/p>\n<p><span style=\"color: var(--body_typography-color); font-family: var(--body_typography-font-family); font-size: var(--body_typography-font-size); font-style: var(--body_typography-font-style,normal); font-weight: var(--body_typography-font-weight); letter-spacing: var(--body_typography-letter-spacing); line-height: 9px;\" data-fusion-font=\"true\">Mali rizik od komplikacja<\/span><\/p>\n<p style=\"text-align: left;\">\n<\/div><div class=\"fusion-clearfix\"><\/div><\/div><\/div><div class=\"fusion-layout-column fusion_builder_column fusion-builder-column-3 fusion_builder_column_1_2 1_2 fusion-one-half fusion-column-last rounded-border\" style=\"width:48%;margin-top:0px;margin-bottom:20px;\"><div class=\"fusion-column-wrapper fusion-flex-column-wrapper-legacy\" style=\"background-position:left top;background-repeat:no-repeat;-webkit-background-size:cover;-moz-background-size:cover;-o-background-size:cover;background-size:cover;background-color:#ffffff;border:1px solid #e2e2e2;padding: 40px 60px 40px 60px;\"><div class=\"fusion-text fusion-text-3\"><h3 style=\"text-align: left;\" data-fontsize=\"18\" data-lineheight=\"30\">Kada treba obaviti pregled hirurga radi kreiranja AV fistule za hemodijalizu?<\/h3>\n<p style=\"text-align: left;\">Odabir optimalnog vaskularog pristupa za hemodijalizu je idealan na\u010din pripreme za hroni\u010dni program hemodijalize. Savetuje se kreiranje arteriovenske fistule 4-6 meseci pre planiranog zapo\u010dinjanaja dijalize, \u0161to nije uvek mogu\u0107e.<\/p>\n<p style=\"text-align: left;\">\n<\/div><div class=\"fusion-clearfix\"><\/div><\/div><\/div><\/div><\/div><div class=\"fusion-fullwidth fullwidth-box fusion-builder-row-3 nonhundred-percent-fullwidth non-hundred-percent-height-scrolling\" style=\"background-color: rgba(255,255,255,0);background-position: center center;background-repeat: no-repeat;padding-top:0px;padding-right:0px;padding-bottom:0px;padding-left:0px;margin-bottom: 0px;margin-top: 0px;border-width: 0px 0px 0px 0px;border-color:#eae9e9;border-style:solid;\" ><div class=\"fusion-builder-row fusion-row\"><div class=\"fusion-layout-column fusion_builder_column fusion-builder-column-4 fusion_builder_column_1_1 1_1 fusion-one-full fusion-column-first fusion-column-last\" style=\"margin-top:0px;margin-bottom:20px;\"><div class=\"fusion-column-wrapper fusion-flex-column-wrapper-legacy\" style=\"background-position:left top;background-repeat:no-repeat;-webkit-background-size:cover;-moz-background-size:cover;-o-background-size:cover;background-size:cover;padding: 0px 0px 0px 0px;\"><div class=\"fusion-text fusion-text-4\"><p style=\"text-align: center;\"><b>Prednosti AV fistule kao pristupa za hemodijalizu:<\/b><\/p>\n<div style=\"text-align: center;\"><span style=\"background-color: rgba(255, 255, 255, 0); color: var(--body_typography-color); font-family: var(--body_typography-font-family); font-size: var(--body_typography-font-size); font-style: var(--body_typography-font-style,normal); font-weight: var(--body_typography-font-weight); letter-spacing: var(--body_typography-letter-spacing);\">Trajni pristup za hemodijalizu<\/span><br \/>\n<span style=\"background-color: rgba(255, 255, 255, 0); color: var(--body_typography-color); font-family: var(--body_typography-font-family); font-size: var(--body_typography-font-size); font-style: var(--body_typography-font-style,normal); font-weight: var(--body_typography-font-weight); letter-spacing: var(--body_typography-letter-spacing);\">Omogu\u0107ava dobar protok na dijalizi, time kvalitetnu dijalizu I \u017eivot<\/span><br \/>\n<span style=\"background-color: rgba(255, 255, 255, 0); color: var(--body_typography-color); font-family: var(--body_typography-font-family); font-size: var(--body_typography-font-size); font-style: var(--body_typography-font-style,normal); font-weight: var(--body_typography-font-weight); letter-spacing: var(--body_typography-letter-spacing);\">Izbegavanje centralnog venskog katetera<\/span><br \/>\n<span style=\"background-color: rgba(255, 255, 255, 0); color: var(--body_typography-color); font-family: var(--body_typography-font-family); font-size: var(--body_typography-font-size); font-style: var(--body_typography-font-style,normal); font-weight: var(--body_typography-font-weight); letter-spacing: var(--body_typography-letter-spacing);\">Mali rizik od infekcije<\/span><br \/>\n<span style=\"background-color: rgba(255, 255, 255, 0); color: var(--body_typography-color); font-family: var(--body_typography-font-family); font-size: var(--body_typography-font-size); font-style: var(--body_typography-font-style,normal); font-weight: var(--body_typography-font-weight); letter-spacing: var(--body_typography-letter-spacing);\">Mali rizik od komplikacja<\/span><\/div>\n<p style=\"text-align: center; line-height: 20px;\" data-fusion-font=\"true\">Kreiranje dobre AV fistule zavisi od pozicije i kvaliteta krvih sudova, pridru\u017eenih oboljenja i iskustva I obu\u010denosti hirurga.<\/p>\n<p style=\"text-align: center; line-height: 20px;\" data-fusion-font=\"true\">AV fistula mo\u017ee trajati dugi niz godina ali se savetuje redovno pra\u0107enje.<\/p>\n<\/div><div class=\"fusion-clearfix\"><\/div><\/div><\/div><div class=\"fusion-layout-column fusion_builder_column fusion-builder-column-5 fusion_builder_column_1_1 1_1 fusion-one-full fusion-column-first fusion-column-last\" style=\"margin-top:0px;margin-bottom:20px;\"><div class=\"fusion-column-wrapper fusion-column-has-shadow fusion-flex-column-wrapper-legacy\" style=\"background-position:left top;background-repeat:no-repeat;-webkit-background-size:cover;-moz-background-size:cover;-o-background-size:cover;background-size:cover;box-shadow:0px 0px ;;padding: 0px 0px 0px 0px;\"><div class=\"fusion-text fusion-text-5\"><p style=\"text-align: center;\"><b>Kada treba obaviti pregled hirurga radi kreiranja AV fistule za hemodijalizu?<\/b><\/p>\n<p style=\"text-align: center;\">Odabir optimalnog vaskularog pristupa za hemodijalizu je idealan na\u010din pripreme za hroni\u010dni program hemodijalize. Savetuje se kreiranje arteriovenske fistule 4-6 meseci pre planiranog zapo\u010dinjanaja dijalize, \u0161to nije uvek mogu\u0107e.<\/p>\n<p style=\"text-align: center;\">U najvecem broju slu\u010daja, a prema klini\u010dkoj proceni i na osnovu laboratorijskih analiza (vrednosti kalijuma, uree, kreatinina, procena ja\u010dine glomerulske filtracije) I ostalih dijagnostickih metoda (ultrazvuk bubrega, scintigrafija) nefrolozi donose odluke o neophodnosti zapo\u010dinjanjanja nekog od metoda zamene bubrezne funkcije.<\/p>\n<p style=\"text-align: center;\">Ukoliko je odluka bolesnika I nadle\u017enog nefrologa da je optimalni metod zamene bubre\u017ene funkcije zapo\u010dinjanje hemodijalize, kreiranje pogodnog vaskularnog pristupa je po\u010detak pripreme.<\/p>\n<p style=\"text-align: center;\">Formiranje AV Fistule 4-6 meseci pre zapo\u010dinjanja dijalize je optimalno iz vi\u0161e razloga:<\/p>\n<p style=\"text-align: center;\">Obezbedivanje vremena za adekvatno sazrevanje (maturaciju) fistule.<\/p>\n<p style=\"text-align: center;\">Izbegavanje plasiranja CVK u slu\u010daju neophodnosti zapo\u010dinjanja dijalize.<\/p>\n<p style=\"text-align: center;\">Eventualna reintervencija ukoliko je kreiranje fistule zbog nekog razloga ote\u017eano.<\/p>\n<p style=\"text-align: center;\">Psiholo\u0161ka priprema bolesnika za zapo\u010dinjanje hroni\u010dnog programa hemodijalize.<\/p>\n<\/div><div class=\"fusion-clearfix\"><\/div><\/div><\/div><\/div><\/div><div class=\"fusion-fullwidth fullwidth-box fusion-builder-row-4 nonhundred-percent-fullwidth non-hundred-percent-height-scrolling\" style=\"background-color: rgba(255,255,255,0);background-position: center center;background-repeat: no-repeat;padding-top:0px;padding-right:0px;padding-bottom:0px;padding-left:0px;margin-bottom: 0px;margin-top: 0px;border-width: 0px 0px 0px 0px;border-color:#eae9e9;border-style:solid;\" ><div class=\"fusion-builder-row fusion-row\"><\/div><\/div><div class=\"fusion-fullwidth fullwidth-box fusion-builder-row-5 nonhundred-percent-fullwidth non-hundred-percent-height-scrolling\" style=\"background-color: rgba(255,255,255,0);background-position: center center;background-repeat: no-repeat;padding-top:0px;padding-right:0px;padding-bottom:0px;padding-left:0px;margin-bottom: 0px;margin-top: 0px;border-width: 0px 0px 0px 0px;border-color:#eae9e9;border-style:solid;\" ><div class=\"fusion-builder-row fusion-row\"><div class=\"fusion-layout-column fusion_builder_column fusion-builder-column-6 fusion_builder_column_1_1 1_1 fusion-one-full fusion-column-first fusion-column-last\" style=\"margin-top:0px;margin-bottom:20px;\"><div class=\"fusion-column-wrapper fusion-flex-column-wrapper-legacy\" style=\"background-position:left top;background-repeat:no-repeat;-webkit-background-size:cover;-moz-background-size:cover;-o-background-size:cover;background-size:cover;padding: 0px 0px 0px 0px;\"><div class=\"fusion-text fusion-text-6\"><p style=\"text-align: center;\"><b> Pravovremeno kreiranje AVF<\/b><\/p>\n<p>Na osnovu razlicitih parametara klini\u010dke slike, laboratorijskih analiza i dijagnostike, nefrolozi upu\u0107uju bolesnika na kreiranje vaskularnog pristupa za dijalizu 4-6 meseci pre planiranog zapo\u010dinjanja dijalize.<\/p>\n<p>U velikom broju slu\u010dajeva se de\u0161ava da fistula ne bude formirana na vreme, tj .da se po\u010dne sa dijalizom pre formiranja AV fisule ili pre nego \u0161to je fistula dovoljno sazrela za punkciju. Tada, u slu\u010dajevima urgentne dijalize plasiraju se centralni venski kateteri. To su privremeni kateteri koji se postavljaju u centralne vene vrata ili butina.<\/p>\n<p>Intervencija je povezana sa odredjenim komplikacijama, vecim rizikom od infekcije i sepse, pneumotoraksom , nelagodnost u vratu zbog prinudnog polo\u017eaja, su\u017eenje centralnih vena koje u budu\u0107nosti mo\u017ee predstavljati problem za kreiranje trajnog vaskularnog pristupa. Zbog navedenih razloga savetuje se kreiranje AV fistule na vreme.<\/p>\n<p style=\"text-align: center;\"><b> Uspe\u0161na punkcija AV fIstule<\/b><\/p>\n<p>Kreiranje AV fistule za hemodijalizu se smatra uspe\u0161nim ukoliko obezbe\u0111uje adekvatnu dijalizu. Zbog toga je neophodno da fistula obezbe\u0111uje zadovoljavaju\u0107i protok kroz fistula (vise od 50 ml\/min), da fistula bude dovoljno blizu ispod ko\u017ee da se lako punktira kao i da obezbe\u0111uje krvnu pumpu na aparatu optimalno iznad 250ml \/min.<\/p>\n<p>Merenjem kvaliteta dijalize od strane samog aparata ili nadle\u017enog nefrologa na osnovu pracenja odre\u0111enih parametara pre i posle dijalize vr\u0161i se procena adekvatnosti dijalize.<\/p>\n<\/div><div class=\"fusion-clearfix\"><\/div><\/div><\/div><\/div><\/div><div class=\"fusion-fullwidth fullwidth-box fusion-builder-row-6 nonhundred-percent-fullwidth non-hundred-percent-height-scrolling\" style=\"background-color: rgba(255,255,255,0);background-position: left top;background-repeat: no-repeat;padding-top:110px;padding-right:0px;padding-bottom:125px;padding-left:0px;margin-bottom: 0px;margin-top: 0px;border-width: 0px 0px 0px 0px;border-color:#eae9e9;border-style:solid;\" ><div class=\"fusion-builder-row fusion-row\"><div class=\"fusion-layout-column fusion_builder_column fusion-builder-column-7 fusion_builder_column_1_1 1_1 fusion-one-full fusion-column-first fusion-column-last fusion-column-no-min-height\" style=\"margin-top:0px;margin-bottom:0px;\"><div class=\"fusion-column-wrapper fusion-flex-column-wrapper-legacy\" style=\"background-position:left top;background-repeat:no-repeat;-webkit-background-size:cover;-moz-background-size:cover;-o-background-size:cover;background-size:cover;padding: 0px 0px 0px 0px;\"><div class=\"fusion-text fusion-text-7\"><h2 style=\"text-align: center;\" data-fontsize=\"28\" data-lineheight=\"33\">CENTAR ZA HIRURGIJU VASKULARNIH PRISTUPA ZA HEMODIJALIZU<\/h2>\n<\/div><div class=\"fusion-sep-clear\"><\/div><div class=\"fusion-separator\" style=\"margin-left: auto;margin-right: auto;margin-top:10px;margin-bottom:70px;width:100%;max-width:170px;\"><div class=\"fusion-separator-border sep-single sep-solid\" style=\"border-color:#dfdddd;border-top-width:1px;\"><\/div><\/div><div class=\"fusion-sep-clear\"><\/div><div class=\"fusion-text fusion-text-8\"><p style=\"text-align: center;\"><b style=\"background-color: rgba(255, 255, 255, 0); color: var(--body_typography-color); font-family: var(--body_typography-font-family); font-size: var(--body_typography-font-size); font-style: var(--body_typography-font-style,normal); letter-spacing: var(--body_typography-letter-spacing);\"><\/b><a href=\"https:\/\/goo.gl\/maps\/1KnVyEfsxnuCsx7j6\"><span style=\"background-color: rgba(255, 255, 255, 0); color: var(--body_typography-color); font-family: var(--body_typography-font-family); font-size: var(--body_typography-font-size); font-style: var(--body_typography-font-style,normal); font-weight: var(--body_typography-font-weight); letter-spacing: var(--body_typography-letter-spacing);\">ACCESS MEDIC POLIKLINIKA &#8211; MARKA \u010cELEBONOVI\u0106A 31a &#8211; 11071 BE\u017dANIJSKA KOSA <\/span><\/a><\/p>\n<ul>\n<li>\n<p style=\"display: inline !important;\">\u2013 INTERNA MEDICINA<\/p>\n<\/li>\n<li>\n<p style=\"display: inline !important;\">\u2013 ULTRA ZVU\u010cNA DIJAGNOSTIKA<\/p>\n<\/li>\n<\/ul>\n<\/div><div class=\"imageframe-align-center\"><span class=\" fusion-imageframe imageframe-none imageframe-1 hover-type-none\"><img width=\"295\" height=\"105\" alt=\"Acces Medic Poliklinika\" title=\"Acces Medic Poliklinika\" src=\"https:\/\/accessmedic.rs\/wp-content\/uploads\/2019\/09\/access-medic-logo-outlines-72.png\" class=\"img-responsive wp-image-843\" srcset=\"https:\/\/accessmedic.rs\/wp-content\/uploads\/2019\/09\/access-medic-logo-outlines-72-200x71.png 200w, https:\/\/accessmedic.rs\/wp-content\/uploads\/2019\/09\/access-medic-logo-outlines-72.png 295w\" sizes=\"(max-width: 850px) 100vw, 295px\" \/><\/span><\/div><div class=\"fusion-clearfix\"><\/div><\/div><\/div><div class=\"fusion-layout-column fusion_builder_column fusion-builder-column-8 fusion_builder_column_1_1 1_1 fusion-one-full fusion-column-first fusion-column-last fusion-column-no-min-height\" style=\"margin-top:0px;margin-bottom:0px;\"><div class=\"fusion-column-wrapper fusion-flex-column-wrapper-legacy\" style=\"background-position:left top;background-repeat:no-repeat;-webkit-background-size:cover;-moz-background-size:cover;-o-background-size:cover;background-size:cover;padding: 0px 0px 0px 0px;\"><div class=\"fusion-clearfix\"><\/div><\/div><\/div><div class=\"fusion-layout-column fusion_builder_column fusion-builder-column-9 fusion_builder_column_1_1 1_1 fusion-one-full fusion-column-first fusion-column-last\" style=\"margin-top:0px;margin-bottom:20px;\"><div class=\"fusion-column-wrapper fusion-flex-column-wrapper-legacy\" style=\"background-position:left top;background-repeat:no-repeat;-webkit-background-size:cover;-moz-background-size:cover;-o-background-size:cover;background-size:cover;padding: 0px 0px 0px 0px;\"><div class=\"fusion-text fusion-text-9\"><\/div><div class=\"fusion-clearfix\"><\/div><\/div><\/div><\/div><\/div><\/p>\n","protected":false},"excerpt":{"rendered":"","protected":false},"author":1,"featured_media":0,"parent":0,"menu_order":0,"comment_status":"open","ping_status":"open","template":"100-width.php","meta":{"_bbp_topic_count":0,"_bbp_reply_count":0,"_bbp_total_topic_count":0,"_bbp_total_reply_count":0,"_bbp_voice_count":0,"_bbp_anonymous_reply_count":0,"_bbp_topic_count_hidden":0,"_bbp_reply_count_hidden":0,"_bbp_forum_subforum_count":0},"_links":{"self":[{"href":"https:\/\/accessmedic.rs\/index.php?rest_route=\/wp\/v2\/pages\/10"}],"collection":[{"href":"https:\/\/accessmedic.rs\/index.php?rest_route=\/wp\/v2\/pages"}],"about":[{"href":"https:\/\/accessmedic.rs\/index.php?rest_route=\/wp\/v2\/types\/page"}],"author":[{"embeddable":true,"href":"https:\/\/accessmedic.rs\/index.php?rest_route=\/wp\/v2\/users\/1"}],"replies":[{"embeddable":true,"href":"https:\/\/accessmedic.rs\/index.php?rest_route=%2Fwp%2Fv2%2Fcomments&post=10"}],"version-history":[{"count":23,"href":"https:\/\/accessmedic.rs\/index.php?rest_route=\/wp\/v2\/pages\/10\/revisions"}],"predecessor-version":[{"id":1161,"href":"https:\/\/accessmedic.rs\/index.php?rest_route=\/wp\/v2\/pages\/10\/revisions\/1161"}],"wp:attachment":[{"href":"https:\/\/accessmedic.rs\/index.php?rest_route=%2Fwp%2Fv2%2Fmedia&parent=10"}],"curies":[{"name":"wp","href":"https:\/\/api.w.org\/{rel}","templated":true}]}}